{"id":35,"date":"2026-01-18T01:00:58","date_gmt":"2026-01-18T06:00:58","guid":{"rendered":"http:\/\/implantquiz.wpengine.com\/?page_id=35"},"modified":"2026-03-04T18:15:04","modified_gmt":"2026-03-04T23:15:04","slug":"contactenos","status":"publish","type":"page","link":"https:\/\/www.drstingley.com\/es\/contact-us\/","title":{"rendered":"Cont\u00e1ctenos"},"content":{"rendered":"<div class=\"row row-collapse row-full-width\"  id=\"row-1255143097\">\n\n\t<div id=\"col-657820147\" class=\"col small-12 large-12\"  >\n\t\t\t\t<div class=\"col-inner\"  >\n\t\t\t\n\t\t\t\n\n\t<section class=\"section\" id=\"section_364153384\">\n\t\t<div class=\"section-bg fill\" >\n\t\t\t<img loading=\"lazy\" decoding=\"async\" width=\"2560\" height=\"853\" src=\"https:\/\/www.drstingley.com\/wp-content\/uploads\/2026\/02\/Carter-Rockbridge-General-Dentistry-Contact-Us-scaled.jpg\" class=\"bg attachment-original size-original\" alt=\"Odontolog\u00eda general Carter-Rockbridge - Cont\u00e1ctenos\" \/>\t\t\t\t\t\t\n\t\t\t\n\n\t\t<\/div>\n\n\t\t\n\n\t\t<div class=\"section-content relative\">\n\t\t\t\n<div class=\"row row-collapse align-center\" style=\"max-width:\" id=\"row-668409208\">\n\n\t<div id=\"col-64393730\" class=\"col small-12 large-12\"  >\n\t\t\t\t<div class=\"col-inner text-center text-shadow-5 dark\"  >\n\t\t\t\n\t\t\t\n\t\t<\/div>\n\t\t\t\t\n<style>\n#col-64393730 > .col-inner {\n  padding: 20px 20px 20px 0px;\n}\n@media (min-width:550px) {\n  #col-64393730 > .col-inner {\n    padding: 60px 0px 60px 0px;\n  }\n}\n@media (min-width:850px) {\n  #col-64393730 > .col-inner {\n    padding: 180px 0px 200px 0px;\n  }\n}\n<\/style>\n\t<\/div>\n\n\t\n<\/div>\n\t\t<\/div>\n\n\t\t\n<style>\n#section_364153384 {\n  padding-top: 60px;\n  padding-bottom: 60px;\n  min-height: 0px;\n  background-color: rgb(125, 146, 116);\n}\n#section_364153384 .section-bg img {\n  object-position: 76% 81%;\n}\n@media (min-width:550px) {\n  #section_364153384 {\n    padding-top: 65px;\n    padding-bottom: 65px;\n  }\n}\n@media (min-width:850px) {\n  #section_364153384 {\n    padding-top: 80px;\n    padding-bottom: 80px;\n  }\n}\n<\/style>\n\t<\/section>\n\t\n\t\t<\/div>\n\t\t\t\t\t<\/div>\n\n\t\n<\/div>\n<div class=\"row row-large\" style=\"max-width:1600px\" id=\"row-801209771\">\n\n\t<div id=\"col-1692144533\" class=\"col small-12 large-12\"  >\n\t\t\t\t<div class=\"col-inner\" style=\"background-color:rgb(249, 249, 249);\" >\n\t\t\t\n\t\t\t\n\t<div id=\"text-1300019694\" class=\"text\">\n\t\t\n<h1><span style=\"font-size: 75%;\">P\u00f3ngase en contacto con Carter-Rockbridge Odontolog\u00eda General<\/span><\/h1>\n\t\t\n<style>\n#text-1300019694 {\n  font-size: 1.2rem;\n  text-align: center;\n}\n@media (min-width:550px) {\n  #text-1300019694 {\n    font-size: 1.4rem;\n  }\n}\n@media (min-width:850px) {\n  #text-1300019694 {\n    font-size: 2rem;\n  }\n}\n<\/style>\n\t<\/div>\n\t\n<div class=\"row row-collapse row-full-width\"  id=\"row-1032653941\">\n\n\t<div id=\"col-421129075\" class=\"col medium-12 small-12 large-7\"  >\n\t\t\t\t<div class=\"col-inner text-center\"  >\n\t\t\t\n\t\t\t\n<div class=\"row\"  id=\"row-1920383858\">\n\n\t<div id=\"col-1237059438\" class=\"col medium-12 small-12 large-6\"  >\n\t\t\t\t<div class=\"col-inner\"  >\n\t\t\t\n\t\t\t\n\t<div class=\"img has-hover x md-x lg-x y md-y lg-y\" id=\"image_514379683\">\n\t\t\t\t\t\t\t\t<div class=\"img-inner dark\" >\n\t\t\t\t\t\t\t\t\t\n\t\t\t\t\t<\/div>\n\t\t\t\t\t\t\t\t\n<style>\n#image_514379683 {\n  width: 15%;\n}\n@media (min-width:550px) {\n  #image_514379683 {\n    width: 20%;\n  }\n}\n<\/style>\n\t<\/div>\n\t\n\t<div id=\"text-2546965253\" class=\"text\">\n\t\t\n<h3 class=\"uppercase\"><span style=\"text-decoration: underline; font-size: 110%;\" data-text-color=\"primary\">tel\u00e9fono<\/span><\/h3>\n<p><span style=\"font-size: 160%;\"><strong>(770) 662-5955<\/strong><\/span><\/p>\n<h3 class=\"uppercase\"><span style=\"text-decoration: underline; font-size: 110%;\" data-text-color=\"primary\">Direcci\u00f3n<\/span><\/h3>\n<p><span style=\"font-size: 130%;\"><a href=\"https:\/\/g.co\/kgs\/ij5hHAx\"><strong>5050 Jimmy Carter Blvd # 320<\/strong><\/a><\/span><br \/>\n<span style=\"font-size: 130%;\"><a href=\"https:\/\/g.co\/kgs\/ij5hHAx\"><strong>Norcross, GA 30093<\/strong><\/a><\/span><br \/>\n\t\t\n<style>\n#text-2546965253 {\n  font-size: 1.2rem;\n}\n@media (min-width:550px) {\n  #text-2546965253 {\n    font-size: 1.2rem;\n  }\n}\n<\/style>\n\t<\/div>\n\t\n<a href=\"https:\/\/maps.app.goo.gl\/nAYWvXcqeAiJp4no8\" target=\"_blank\" class=\"button primary\" rel=\"noopener\" >\n\t\t<span>Obtener indicaciones<\/span>\n\t<i class=\"icon-map-pin-fill\" aria-hidden=\"true\"><\/i><\/a>\n\n\t<div class=\"img has-hover x md-x lg-x y md-y lg-y\" id=\"image_1801040150\">\n\t\t\t\t\t\t\t\t<div class=\"img-inner dark\" >\n\t\t\t\t\t\t\t\t\t\n\t\t\t\t\t<\/div>\n\t\t\t\t\t\t\t\t\n<style>\n#image_1801040150 {\n  width: 15%;\n}\n@media (min-width:550px) {\n  #image_1801040150 {\n    width: 20%;\n  }\n}\n<\/style>\n\t<\/div>\n\t\n\t\t<\/div>\n\t\t\t\t\t<\/div>\n\n\t\n\n\t<div id=\"col-696284555\" class=\"col medium-12 small-12 large-6\"  >\n\t\t\t\t<div class=\"col-inner\"  >\n\t\t\t\n\t\t\t\n\t<div class=\"img has-hover x md-x lg-x y md-y lg-y\" id=\"image_1994761108\">\n\t\t\t\t\t\t\t\t<div class=\"img-inner dark\" >\n\t\t\t\t\t\t\t\t\t\n\t\t\t\t\t<\/div>\n\t\t\t\t\t\t\t\t\n<style>\n#image_1994761108 {\n  width: 15%;\n}\n@media (min-width:550px) {\n  #image_1994761108 {\n    width: 20%;\n  }\n}\n<\/style>\n\t<\/div>\n\t\n\t<div id=\"text-761756746\" class=\"text\">\n\t\t\n<h3 class=\"uppercase\"><span style=\"text-decoration: underline; font-size: 110%;\" data-text-color=\"primary\">Horario<\/span><\/h3>\n<ul>\n<li class=\"bullet-arrow\"><span style=\"font-size: 130%;\"><strong>Lunes: 8:00 a. m. \u2013 5:00 p. m.<\/strong><\/span><\/li>\n<li class=\"bullet-arrow\"><span style=\"font-size: 130%;\"><strong>Martes: 8:00 a. m. \u2013 5:00 p. m.<\/strong><\/span><\/li>\n<li class=\"bullet-arrow\"><span style=\"font-size: 130%;\"><strong>Mi\u00e9rcoles: 8:00 a. m. \u2013 5:00 p. m.<\/strong><\/span><\/li>\n<li class=\"bullet-arrow\"><span style=\"font-size: 130%;\"><strong>Jueves: 8:00 a. m. \u2013 5:00 p. m.<\/strong><\/span><\/li>\n<li class=\"bullet-arrow\"><span style=\"font-size: 130%;\"><strong>Viernes: 8:00 a. m. \u2013 1:00 p. m.<\/strong><\/span><\/li>\n<li class=\"bullet-arrow\"><span style=\"font-size: 130%;\"><strong>S\u00e1bado: CERRADO<\/strong><\/span><\/li>\n<li class=\"bullet-arrow\"><span style=\"font-size: 130%;\"><strong>Domingo: 10:30 a. m. \u2013 3 p. m.<\/strong><\/span><\/li>\n<\/ul>\n\t\t\n<style>\n#text-761756746 {\n  font-size: 1.2rem;\n}\n<\/style>\n\t<\/div>\n\t\n\t<div class=\"img has-hover x md-x lg-x y md-y lg-y\" id=\"image_2145681873\">\n\t\t\t\t\t\t\t\t<div class=\"img-inner dark\" >\n\t\t\t\t\t\t\t\t\t\n\t\t\t\t\t<\/div>\n\t\t\t\t\t\t\t\t\n<style>\n#image_2145681873 {\n  width: 15%;\n}\n@media (min-width:550px) {\n  #image_2145681873 {\n    width: 20%;\n  }\n}\n<\/style>\n\t<\/div>\n\t\n\t\t<\/div>\n\t\t\t\t\t<\/div>\n\n\t\n\n\t<div id=\"col-661017948\" class=\"col medium-5 small-12 large-6\"  >\n\t\t\t\t<div class=\"col-inner\"  >\n\t\t\t\n\t\t\t\n\t<div class=\"img has-hover x md-x lg-x y md-y lg-y\" id=\"image_113454502\">\n\t\t\t\t\t\t\t\t<div class=\"img-inner dark\" >\n\t\t\t\t\t\t\t\t\t\n\t\t\t\t\t<\/div>\n\t\t\t\t\t\t\t\t\n<style>\n#image_113454502 {\n  width: 15%;\n}\n@media (min-width:550px) {\n  #image_113454502 {\n    width: 20%;\n  }\n}\n<\/style>\n\t<\/div>\n\t\n\t\t<\/div>\n\t\t\t\t\t<\/div>\n\n\t\n<\/div>\n\t\t<\/div>\n\t\t\t\t\n<style>\n#col-421129075 > .col-inner {\n  padding: 0px 0px 0px 20px;\n}\n<\/style>\n\t<\/div>\n\n\t\n\n\t<div id=\"col-128061625\" class=\"col medium-12 small-12 large-5\"  >\n\t\t\t\t<div class=\"col-inner\" style=\"background-color:#7d9274;\" >\n\t\t\t\n\t\t\t\n\t<div id=\"gap-941497959\" class=\"gap-element clearfix\" style=\"display:block; height:auto;\">\n\t\t\n<style>\n#gap-941497959 {\n  padding-top: 30px;\n}\n<\/style>\n\t<\/div>\n\t\n\n<div class=\"wpcf7 no-js\" id=\"wpcf7-f9-o1\" lang=\"en-US\" dir=\"ltr\" data-wpcf7-id=\"9\">\n<div class=\"screen-reader-response\"><p role=\"status\" aria-live=\"polite\" aria-atomic=\"true\"><\/p> <ul><\/ul><\/div>\n<form action=\"\/es\/wp-json\/wp\/v2\/pages\/35#wpcf7-f9-o1\" method=\"post\" class=\"wpcf7-form init cf7mls-no-scroll cf7mls-no-moving-animation\" aria-label=\"Contact form\" novalidate=\"novalidate\" data-status=\"init\" data-trp-original-action=\"\/es\/wp-json\/wp\/v2\/pages\/35#wpcf7-f9-o1\">\n<fieldset class=\"hidden-fields-container\"><input type=\"hidden\" name=\"_wpcf7\" value=\"9\" \/><input type=\"hidden\" name=\"_wpcf7_version\" value=\"6.1.5\" \/><input type=\"hidden\" name=\"_wpcf7_locale\" value=\"en_US\" \/><input type=\"hidden\" name=\"_wpcf7_unit_tag\" value=\"wpcf7-f9-o1\" \/><input type=\"hidden\" name=\"_wpcf7_container_post\" value=\"0\" \/><input type=\"hidden\" name=\"_wpcf7_posted_data_hash\" value=\"\" \/><input type=\"hidden\" name=\"_wpcf7cf_hidden_group_fields\" value=\"[]\" \/><input type=\"hidden\" name=\"_wpcf7cf_hidden_groups\" value=\"[]\" \/><input type=\"hidden\" name=\"_wpcf7cf_visible_groups\" value=\"[]\" \/><input type=\"hidden\" name=\"_wpcf7cf_repeaters\" value=\"[]\" \/><input type=\"hidden\" name=\"_wpcf7cf_steps\" value=\"{}\" \/><input type=\"hidden\" name=\"_wpcf7cf_options\" value=\"{&quot;form_id&quot;:9,&quot;conditions&quot;:[],&quot;settings&quot;:{&quot;animation&quot;:&quot;yes&quot;,&quot;animation_intime&quot;:200,&quot;animation_outtime&quot;:200,&quot;conditions_ui&quot;:&quot;normal&quot;,&quot;notice_dismissed&quot;:false}}\" \/>\n<\/fieldset>\n<center>\n\t<h2>SOLICITAR CONSULTA\n\t<\/h2>\n<\/center>\n<hr \/>\n<center>\n\t<p><span class=\"wpcf7-form-control-wrap\" data-name=\"your-name\"><input size=\"40\" maxlength=\"400\" class=\"wpcf7-form-control wpcf7-text wpcf7-validates-as-required\" aria-required=\"true\" aria-invalid=\"false\" placeholder=\"Nombre\" value=\"\" type=\"text\" name=\"your-name\" \/><\/span>\n\t<\/p>\n\t<p><span class=\"wpcf7-form-control-wrap\" data-name=\"your-email\"><input size=\"40\" maxlength=\"400\" class=\"wpcf7-form-control wpcf7-email wpcf7-validates-as-required wpcf7-text wpcf7-validates-as-email\" aria-required=\"true\" aria-invalid=\"false\" placeholder=\"Correo electr\u00f3nico\" value=\"\" type=\"email\" name=\"your-email\" \/><\/span>\n\t<\/p>\n\t<p><span class=\"wpcf7-form-control-wrap\" data-name=\"tel-545\"><input size=\"40\" maxlength=\"400\" class=\"wpcf7-form-control wpcf7-tel wpcf7-text wpcf7-validates-as-tel\" aria-invalid=\"false\" placeholder=\"N\u00famero de tel\u00e9fono\" value=\"\" type=\"tel\" name=\"tel-545\" \/><\/span>\n\t<\/p>\n\t<p><span class=\"wpcf7-form-control-wrap\" data-name=\"your-message\"><textarea cols=\"40\" rows=\"10\" maxlength=\"2000\" class=\"wpcf7-form-control wpcf7-textarea\" aria-invalid=\"false\" placeholder=\"\u00bfC\u00f3mo podemos ayudarle?\" name=\"your-message\"><\/textarea><\/span>\n\t<\/p>\n\t<p><input class=\"wpcf7-form-control wpcf7-submit has-spinner button\" type=\"submit\" value=\"Enviar solicitud\" \/>\n\t<\/p>\n<\/center><input\n                    class=\"apbct_special_field apbct_email_id__wp_contact_form_7\"\n                    name=\"apbct__email_id__wp_contact_form_7\"\n                    aria-label=\"apbct__label_id__wp_contact_form_7\"\n                    type=\"text\" size=\"30\" maxlength=\"200\" autocomplete=\"off\"\n                    value=\"\"\n                \/><div class=\"wpcf7-response-output\" aria-hidden=\"true\"><\/div>\n<input type=\"hidden\" name=\"trp-form-language\" value=\"es\"\/><\/form>\n<\/div>\n\n\t<div id=\"gap-942043786\" class=\"gap-element clearfix\" style=\"display:block; height:auto;\">\n\t\t\n<style>\n#gap-942043786 {\n  padding-top: 30px;\n}\n<\/style>\n\t<\/div>\n\t\n\t\t<\/div>\n\t\t\t\t\t<\/div>\n\n\t\n\n<style>\n#row-1032653941 > .col > .col-inner {\n  padding: 0px 15px 0px 15px;\n}\n<\/style>\n<\/div>\n\t\t<\/div>\n\t\t\t\t\n<style>\n#col-1692144533 > .col-inner {\n  padding: 50px 20px 0px 20px;\n  margin: -0 0px 0px 0px;\n}\n@media (min-width:550px) {\n  #col-1692144533 > .col-inner {\n    padding: 50px 20px 30px 20px;\n    margin: 0 0px 0px 0px;\n  }\n}\n@media (min-width:850px) {\n  #col-1692144533 > .col-inner {\n    padding: 66px 5% 16px 5%;\n    margin: -135px 0px 0px 0px;\n  }\n}\n<\/style>\n\t<\/div>\n\n\t\n<\/div>\n<div class=\"row row-collapse row-full-width\"  id=\"row-2122902340\">\n\n\t<div id=\"col-723439644\" class=\"col small-12 large-12\"  >\n\t\t\t\t<div class=\"col-inner\"  >\n\t\t\t\n\t\t\t\n\n<p><iframe loading=\"lazy\" style=\"border: 0;\" src=\"https:\/\/www.google.com\/maps\/embed?pb=!1m18!1m12!1m3!1d3311.7323189638128!2d-84.20183008845247!3d33.896547173104274!2m3!1f0!2f0!3f0!3m2!1i1024!2i768!4f13.1!3m3!1m2!1s0x88f5a691aa8a460d%3A0xf8dae548c4247902!2sCarter-Rockbridge%20General%20Dentistry%20P.C.!5e0!3m2!1sen!2sus!4v1770189082842!5m2!1sen!2sus\" width=\"100%\" height=\"450\" allowfullscreen=\"allowfullscreen\"><\/iframe><br \/>\n\n\t\t<\/div>\n\t\t\t\t\t<\/div>\n\n\t\n<\/div>","protected":false},"excerpt":{"rendered":"","protected":false},"author":4,"featured_media":1084,"parent":0,"menu_order":0,"comment_status":"closed","ping_status":"closed","template":"page-blank.php","meta":{"rop_custom_images_group":[],"rop_custom_messages_group":[],"rop_publish_now":"initial","rop_publish_now_accounts":{"gmb_109265489736877664202_accounts\/109265489736877664202\/locations\/10187457492429655354":"","gmb_109265489736877664202_accounts\/109265489736877664202\/locations\/11718265270749307433":""},"rop_publish_now_history":[],"rop_publish_now_status":"pending","footnotes":""},"class_list":["post-35","page","type-page","status-publish","has-post-thumbnail","hentry"],"yoast_head":"<!-- This site is optimized with the Yoast SEO plugin v27.4 - https:\/\/yoast.com\/product\/yoast-seo-wordpress\/ -->\n<title>Contact Dr. Gloria Stingley at Carter-Rockbridge General Dentistry<\/title>\n<meta name=\"description\" content=\"Schedule a free screening and get clear answers about your options for preventive, cosmetic, restorative, or urgent dental care.\" \/>\n<meta name=\"robots\" content=\"index, follow, max-snippet:-1, max-image-preview:large, max-video-preview:-1\" \/>\n<link rel=\"canonical\" href=\"https:\/\/www.drstingley.com\/es\/contactenos\/\" \/>\n<meta property=\"og:locale\" content=\"es_MX\" \/>\n<meta property=\"og:type\" content=\"article\" \/>\n<meta property=\"og:title\" content=\"Contact Dr. Gloria Stingley at Carter-Rockbridge General Dentistry\" \/>\n<meta property=\"og:description\" content=\"Schedule a free screening and get clear answers about your options for preventive, cosmetic, restorative, or urgent dental care.\" \/>\n<meta property=\"og:url\" content=\"https:\/\/www.drstingley.com\/es\/contactenos\/\" \/>\n<meta property=\"og:site_name\" content=\"Carter-Rockbridge General Dentistry P.C.\" \/>\n<meta property=\"article:publisher\" content=\"https:\/\/www.facebook.com\/crgdentistry\/\" \/>\n<meta property=\"article:modified_time\" content=\"2026-03-04T23:15:04+00:00\" \/>\n<meta property=\"og:image\" content=\"https:\/\/www.drstingley.com\/wp-content\/uploads\/2026\/02\/Carter-Rockbridge-General-Dentistry-in-Norcross-scaled.jpg\" \/>\n\t<meta property=\"og:image:width\" content=\"2560\" \/>\n\t<meta property=\"og:image:height\" content=\"2560\" \/>\n\t<meta property=\"og:image:type\" content=\"image\/jpeg\" \/>\n<meta name=\"twitter:card\" content=\"summary_large_image\" \/>\n<meta name=\"twitter:site\" content=\"@crgdentistry\" \/>\n<meta name=\"twitter:label1\" content=\"Est. reading time\" \/>\n\t<meta name=\"twitter:data1\" content=\"1 minuto\" \/>\n<script type=\"application\/ld+json\" class=\"yoast-schema-graph\">{\"@context\":\"https:\\\/\\\/schema.org\",\"@graph\":[{\"@type\":[\"WebPage\",\"MedicalWebPage\"],\"@id\":\"https:\\\/\\\/www.drstingley.com\\\/contact-us\\\/\",\"url\":\"https:\\\/\\\/www.drstingley.com\\\/contact-us\\\/\",\"name\":\"Contact Dr. Gloria Stingley at Carter-Rockbridge General Dentistry\",\"isPartOf\":{\"@id\":\"https:\\\/\\\/www.drstingley.com\\\/#website\"},\"primaryImageOfPage\":{\"@id\":\"https:\\\/\\\/www.drstingley.com\\\/contact-us\\\/#primaryimage\"},\"image\":{\"@id\":\"https:\\\/\\\/www.drstingley.com\\\/contact-us\\\/#primaryimage\"},\"thumbnailUrl\":\"https:\\\/\\\/www.drstingley.com\\\/wp-content\\\/uploads\\\/2026\\\/02\\\/Carter-Rockbridge-General-Dentistry-in-Norcross-scaled.jpg\",\"datePublished\":\"2026-01-18T06:00:58+00:00\",\"dateModified\":\"2026-03-04T23:15:04+00:00\",\"description\":\"Schedule a free screening and get clear answers about your options for preventive, cosmetic, restorative, or urgent dental care.\",\"breadcrumb\":{\"@id\":\"https:\\\/\\\/www.drstingley.com\\\/contact-us\\\/#breadcrumb\"},\"inLanguage\":\"es\",\"potentialAction\":[{\"@type\":\"ReadAction\",\"target\":[\"https:\\\/\\\/www.drstingley.com\\\/contact-us\\\/\"]}]},{\"@type\":\"ImageObject\",\"inLanguage\":\"es\",\"@id\":\"https:\\\/\\\/www.drstingley.com\\\/contact-us\\\/#primaryimage\",\"url\":\"https:\\\/\\\/www.drstingley.com\\\/wp-content\\\/uploads\\\/2026\\\/02\\\/Carter-Rockbridge-General-Dentistry-in-Norcross-scaled.jpg\",\"contentUrl\":\"https:\\\/\\\/www.drstingley.com\\\/wp-content\\\/uploads\\\/2026\\\/02\\\/Carter-Rockbridge-General-Dentistry-in-Norcross-scaled.jpg\",\"width\":2560,\"height\":2560,\"caption\":\"Carter-Rockbridge-General-Dentistry-in-Norcross\"},{\"@type\":\"BreadcrumbList\",\"@id\":\"https:\\\/\\\/www.drstingley.com\\\/contact-us\\\/#breadcrumb\",\"itemListElement\":[{\"@type\":\"ListItem\",\"position\":1,\"name\":\"Home\",\"item\":\"https:\\\/\\\/www.drstingley.com\\\/\"},{\"@type\":\"ListItem\",\"position\":2,\"name\":\"Contact Us\"}]},{\"@type\":\"WebSite\",\"@id\":\"https:\\\/\\\/www.drstingley.com\\\/#website\",\"url\":\"https:\\\/\\\/www.drstingley.com\\\/\",\"name\":\"Carter-Rockbridge General Dentistry P.C.\",\"description\":\"Genreral, Cosmetic &amp; Implant Dentist in Norcross, GA\",\"publisher\":{\"@id\":\"https:\\\/\\\/www.drstingley.com\\\/#organization\"},\"potentialAction\":[{\"@type\":\"SearchAction\",\"target\":{\"@type\":\"EntryPoint\",\"urlTemplate\":\"https:\\\/\\\/www.drstingley.com\\\/?s={search_term_string}\"},\"query-input\":{\"@type\":\"PropertyValueSpecification\",\"valueRequired\":true,\"valueName\":\"search_term_string\"}}],\"inLanguage\":\"es\"},{\"@type\":\"Organization\",\"@id\":\"https:\\\/\\\/www.drstingley.com\\\/#organization\",\"name\":\"Carter-Rockbridge General Dentistry P.C.\",\"url\":\"https:\\\/\\\/www.drstingley.com\\\/\",\"logo\":{\"@type\":\"ImageObject\",\"inLanguage\":\"es\",\"@id\":\"https:\\\/\\\/www.drstingley.com\\\/#\\\/schema\\\/logo\\\/image\\\/\",\"url\":\"https:\\\/\\\/www.drstingley.com\\\/wp-content\\\/uploads\\\/2026\\\/02\\\/cropped-Carter-Rockbridge-General-Dentistry-in-Norcross-scaled-1.jpg\",\"contentUrl\":\"https:\\\/\\\/www.drstingley.com\\\/wp-content\\\/uploads\\\/2026\\\/02\\\/cropped-Carter-Rockbridge-General-Dentistry-in-Norcross-scaled-1.jpg\",\"width\":512,\"height\":512,\"caption\":\"Carter-Rockbridge General Dentistry P.C.\"},\"image\":{\"@id\":\"https:\\\/\\\/www.drstingley.com\\\/#\\\/schema\\\/logo\\\/image\\\/\"},\"sameAs\":[\"https:\\\/\\\/www.facebook.com\\\/crgdentistry\\\/\",\"https:\\\/\\\/x.com\\\/crgdentistry\",\"http:\\\/\\\/youtube.com\\\/channel\\\/UCfp5-Kg1TJrFK7N_wQ-gHcA\\\/\",\"https:\\\/\\\/www.instagram.com\\\/crgdentistry\\\/\"]}]}<\/script>\n<!-- \/ Yoast SEO plugin. -->","yoast_head_json":{"title":"P\u00f3ngase en contacto con la Dra. Gloria Stingley en Carter-Rockbridge General Dentistry.","description":"Programe una revisi\u00f3n gratuita y obtenga respuestas claras sobre sus opciones de atenci\u00f3n dental preventiva, cosm\u00e9tica, restauradora o de urgencia.","robots":{"index":"index","follow":"follow","max-snippet":"max-snippet:-1","max-image-preview":"max-image-preview:large","max-video-preview":"max-video-preview:-1"},"canonical":"https:\/\/www.drstingley.com\/es\/contactenos\/","og_locale":"es_MX","og_type":"article","og_title":"Contact Dr. Gloria Stingley at Carter-Rockbridge General Dentistry","og_description":"Schedule a free screening and get clear answers about your options for preventive, cosmetic, restorative, or urgent dental care.","og_url":"https:\/\/www.drstingley.com\/es\/contactenos\/","og_site_name":"Carter-Rockbridge General Dentistry P.C.","article_publisher":"https:\/\/www.facebook.com\/crgdentistry\/","article_modified_time":"2026-03-04T23:15:04+00:00","og_image":[{"width":2560,"height":2560,"url":"https:\/\/www.drstingley.com\/wp-content\/uploads\/2026\/02\/Carter-Rockbridge-General-Dentistry-in-Norcross-scaled.jpg","type":"image\/jpeg"}],"twitter_card":"summary_large_image","twitter_site":"@crgdentistry","twitter_misc":{"Est. reading time":"1 minuto"},"schema":{"@context":"https:\/\/schema.org","@graph":[{"@type":["WebPage","MedicalWebPage"],"@id":"https:\/\/www.drstingley.com\/contact-us\/","url":"https:\/\/www.drstingley.com\/contact-us\/","name":"P\u00f3ngase en contacto con la Dra. Gloria Stingley en Carter-Rockbridge General Dentistry.","isPartOf":{"@id":"https:\/\/www.drstingley.com\/#website"},"primaryImageOfPage":{"@id":"https:\/\/www.drstingley.com\/contact-us\/#primaryimage"},"image":{"@id":"https:\/\/www.drstingley.com\/contact-us\/#primaryimage"},"thumbnailUrl":"https:\/\/www.drstingley.com\/wp-content\/uploads\/2026\/02\/Carter-Rockbridge-General-Dentistry-in-Norcross-scaled.jpg","datePublished":"2026-01-18T06:00:58+00:00","dateModified":"2026-03-04T23:15:04+00:00","description":"Programe una revisi\u00f3n gratuita y obtenga respuestas claras sobre sus opciones de atenci\u00f3n dental preventiva, cosm\u00e9tica, restauradora o de urgencia.","breadcrumb":{"@id":"https:\/\/www.drstingley.com\/contact-us\/#breadcrumb"},"inLanguage":"es","potentialAction":[{"@type":"ReadAction","target":["https:\/\/www.drstingley.com\/contact-us\/"]}]},{"@type":"ImageObject","inLanguage":"es","@id":"https:\/\/www.drstingley.com\/contact-us\/#primaryimage","url":"https:\/\/www.drstingley.com\/wp-content\/uploads\/2026\/02\/Carter-Rockbridge-General-Dentistry-in-Norcross-scaled.jpg","contentUrl":"https:\/\/www.drstingley.com\/wp-content\/uploads\/2026\/02\/Carter-Rockbridge-General-Dentistry-in-Norcross-scaled.jpg","width":2560,"height":2560,"caption":"Carter-Rockbridge-General-Dentistry-in-Norcross"},{"@type":"BreadcrumbList","@id":"https:\/\/www.drstingley.com\/contact-us\/#breadcrumb","itemListElement":[{"@type":"ListItem","position":1,"name":"Home","item":"https:\/\/www.drstingley.com\/"},{"@type":"ListItem","position":2,"name":"Contact Us"}]},{"@type":"WebSite","@id":"https:\/\/www.drstingley.com\/#website","url":"https:\/\/www.drstingley.com\/","name":"Carter-Rockbridge Odontolog\u00eda General P.C.","description":"Dentista general, cosm\u00e9tico y especialista en implantes en Norcross, Georgia","publisher":{"@id":"https:\/\/www.drstingley.com\/#organization"},"potentialAction":[{"@type":"SearchAction","target":{"@type":"EntryPoint","urlTemplate":"https:\/\/www.drstingley.com\/?s={search_term_string}"},"query-input":{"@type":"PropertyValueSpecification","valueRequired":true,"valueName":"search_term_string"}}],"inLanguage":"es"},{"@type":"Organization","@id":"https:\/\/www.drstingley.com\/#organization","name":"Carter-Rockbridge Odontolog\u00eda General P.C.","url":"https:\/\/www.drstingley.com\/","logo":{"@type":"ImageObject","inLanguage":"es","@id":"https:\/\/www.drstingley.com\/#\/schema\/logo\/image\/","url":"https:\/\/www.drstingley.com\/wp-content\/uploads\/2026\/02\/cropped-Carter-Rockbridge-General-Dentistry-in-Norcross-scaled-1.jpg","contentUrl":"https:\/\/www.drstingley.com\/wp-content\/uploads\/2026\/02\/cropped-Carter-Rockbridge-General-Dentistry-in-Norcross-scaled-1.jpg","width":512,"height":512,"caption":"Carter-Rockbridge General Dentistry P.C."},"image":{"@id":"https:\/\/www.drstingley.com\/#\/schema\/logo\/image\/"},"sameAs":["https:\/\/www.facebook.com\/crgdentistry\/","https:\/\/x.com\/crgdentistry","http:\/\/youtube.com\/channel\/UCfp5-Kg1TJrFK7N_wQ-gHcA\/","https:\/\/www.instagram.com\/crgdentistry\/"]}]}},"_links":{"self":[{"href":"https:\/\/www.drstingley.com\/es\/wp-json\/wp\/v2\/pages\/35","targetHints":{"allow":["GET"]}}],"collection":[{"href":"https:\/\/www.drstingley.com\/es\/wp-json\/wp\/v2\/pages"}],"about":[{"href":"https:\/\/www.drstingley.com\/es\/wp-json\/wp\/v2\/types\/page"}],"author":[{"embeddable":true,"href":"https:\/\/www.drstingley.com\/es\/wp-json\/wp\/v2\/users\/4"}],"replies":[{"embeddable":true,"href":"https:\/\/www.drstingley.com\/es\/wp-json\/wp\/v2\/comments?post=35"}],"version-history":[{"count":0,"href":"https:\/\/www.drstingley.com\/es\/wp-json\/wp\/v2\/pages\/35\/revisions"}],"wp:featuredmedia":[{"embeddable":true,"href":"https:\/\/www.drstingley.com\/es\/wp-json\/wp\/v2\/media\/1084"}],"wp:attachment":[{"href":"https:\/\/www.drstingley.com\/es\/wp-json\/wp\/v2\/media?parent=35"}],"curies":[{"name":"wp","href":"https:\/\/api.w.org\/{rel}","templated":true}]}}