{"id":17,"date":"2026-01-11T02:18:16","date_gmt":"2026-01-11T07:18:16","guid":{"rendered":"http:\/\/implantquiz.wpengine.com\/?page_id=17"},"modified":"2026-03-13T23:39:44","modified_gmt":"2026-03-14T03:39:44","slug":"videos","status":"publish","type":"page","link":"https:\/\/www.drstingley.com\/es\/videos\/","title":{"rendered":"Videos"},"content":{"rendered":"<section class=\"section\" id=\"section_1129751016\">\n\t\t<div class=\"section-bg fill\" >\n\t\t\t\t\t\t\t\t\t\n\t\t\t\n\n\t\t<\/div>\n\n\t\t\n\n\t\t<div class=\"section-content relative\">\n\t\t\t\n\t<div id=\"gap-1273597254\" class=\"gap-element clearfix\" style=\"display:block; height:auto;\">\n\t\t\n<style>\n#gap-1273597254 {\n  padding-top: 10px;\n}\n<\/style>\n\t<\/div>\n\t\n<div class=\"row align-middle align-center\"  id=\"row-1774401125\">\n\n\t<div id=\"col-128502374\" class=\"col medium-8 small-12 large-8\"  >\n\t\t\t\t<div class=\"col-inner\"  >\n\t\t\t\n\t\t\t\n<h1 class=\"uppercase\" style=\"text-align: left;\">VEA NUESTROS videos EDUCATIVOS<\/h1>\n<p>Explore nuestra biblioteca de videos educativos, donde la Dra. Gloria Stingley responde a las preguntas m\u00e1s frecuentes sobre odontolog\u00eda general, cosm\u00e9tica e implantes que le hacen sus pacientes de Norcross y el \u00e1rea metropolitana de Atlanta.<\/p>\n<p>Ya sea que est\u00e9 explorando opciones de tratamiento o necesite orientaci\u00f3n clara despu\u00e9s del procedimiento, estos videos le brindan la informaci\u00f3n que le interesa. Cont\u00e1ctenos para programar una consulta y dar el siguiente paso hacia una sonrisa m\u00e1s saludable y funcional.<\/p>\n\t\t<\/div>\n\t\t\t\t\t<\/div>\n\n\t\n\n\t<div id=\"col-741660354\" class=\"col medium-4 small-12 large-4\"  >\n\t\t\t\t<div class=\"col-inner\"  >\n\t\t\t\n\t\t\t\n<div class=\"video video-fit mb\" style=\"padding-top:56.25%;\"><p><iframe loading=\"lazy\" title=\"Conozca a la Dra. Gloria Stingley | Odontolog\u00eda general Carter-Rockbridge en Norcross, Georgia\" width=\"1020\" height=\"574\" src=\"https:\/\/www.youtube.com\/embed\/Q4sQiZRVwpg?wmode=transparent&amp;rel=0&amp;feature=oembed\" frameborder=\"0\" allow=\"accelerometer; autoplay; clipboard-write; encrypted-media; gyroscope; picture-in-picture; web-share\" referrerpolicy=\"strict-origin-when-cross-origin\" allowfullscreen><\/iframe><\/p>\n<\/div>\n\t\t<\/div>\n\t\t\t\t\t<\/div>\n\n\t\n<\/div>\n\t\t<\/div>\n\n\t\t\n<style>\n#section_1129751016 {\n  padding-top: 0px;\n  padding-bottom: 0px;\n  background-color: rgb(241, 241, 241);\n}\n<\/style>\n\t<\/section>\n\t\n<div class=\"row\" style=\"max-width:1500px\" id=\"row-299706614\">\n\n\t<div id=\"col-1156861332\" class=\"col medium-4 small-12 large-4\"  >\n\t\t\t\t<div class=\"col-inner\"  >\n\t\t\t\n\t\t\t\n\t<div id=\"text-760556758\" class=\"text\">\n\t\t\n<h3 style=\"text-align: center;\"><span style=\"text-decoration: underline;\"><strong>Acerca de nosotros<\/strong><\/span><\/h3>\n<ul>\n<li class=\"bullet-arrow\" style=\"text-align: left;\"><a href=\"https:\/\/www.drstingley.com\/es\/conozca-a-la-dra-gloria-stingley\/\"><strong>Conozca a la Dra. Gloria Stingley<\/strong><\/a><\/li>\n<li class=\"bullet-arrow\" style=\"text-align: left;\"><a href=\"https:\/\/www.drstingley.com\/es\/ofrecen-servicios-de-odontologia-de-urgencia\/\"><strong>\u00bfOfrecen servicios de odontolog\u00eda de emergencia?<\/strong><\/a><\/li>\n<\/ul>\n<h3 style=\"text-align: center;\"><span style=\"text-decoration: underline;\"><strong>General<\/strong><\/span><\/h3>\n<ul>\n<li class=\"bullet-arrow\" style=\"text-align: left;\"><a href=\"https:\/\/www.drstingley.com\/es\/que-es-la-enfermedad-de-las-encias-y-como-se-trata\/\"><strong>\u00bfQu\u00e9 es la enfermedad de las enc\u00edas y c\u00f3mo se trata?<\/strong><\/a><\/li>\n<li class=\"bullet-arrow\" style=\"text-align: left;\"><a href=\"https:\/\/www.drstingley.com\/es\/que-es-un-tratamiento-de-conducto\/\"><strong>\u00bfQu\u00e9 es un tratamiento de conducto?<\/strong><\/a><\/li>\n<li class=\"bullet-arrow\" style=\"text-align: left;\"><a href=\"https:\/\/www.drstingley.com\/es\/que-son-las-coronas-dentales-y-como-se-utilizan\/\"><strong>\u00bfQu\u00e9 son las coronas dentales y c\u00f3mo se utilizan?<\/strong><\/a><\/li>\n<li class=\"bullet-arrow\" style=\"text-align: left;\"><a href=\"https:\/\/www.drstingley.com\/es\/que-es-un-puente-dental\/\"><strong>\u00bfQu\u00e9 es un puente dental?<\/strong><\/a><\/li>\n<li class=\"bullet-arrow\" style=\"text-align: left;\"><a href=\"https:\/\/www.drstingley.com\/es\/cuando-debo-programar-la-primera-cita-con-el-dentista-de-mi-hijo\/\"><strong>\u00bfCu\u00e1ndo debo programar la primera cita con el dentista de mi hijo?<\/strong><\/a><\/li>\n<li class=\"bullet-arrow\" style=\"text-align: left;\"><a href=\"https:\/\/www.drstingley.com\/es\/por-que-es-importante-reemplazar-los-dientes-perdidos\/\"><strong>\u00bfPor qu\u00e9 es importante reemplazar los dientes perdidos?<\/strong><\/a><\/li>\n<\/ul>\n<h3 style=\"text-align: center;\"><span style=\"text-decoration: underline;\"><strong>Cirug\u00eda oral<\/strong><\/span><\/h3>\n<ul>\n<li class=\"bullet-arrow\" style=\"text-align: left;\"><a href=\"https:\/\/www.drstingley.com\/es\/tipos-de-extracciones-que-realizamos\/\"><strong>Tipos de extracciones que realizamos<\/strong><\/a><\/li>\n<li class=\"bullet-arrow\" style=\"text-align: left;\"><a href=\"https:\/\/www.drstingley.com\/es\/te-extraen-las-muelas-del-juicio\/\"><strong>\u00bfSe extraen las muelas del juicio?<\/strong><\/a><\/li>\n<li class=\"bullet-arrow\" style=\"text-align: left;\"><a href=\"https:\/\/www.drstingley.com\/es\/afecciones-dentales-que-deben-tratarse-antes-de-la-cirugia-oral\/\"><strong>Afecciones dentales que deben tratarse antes de una cirug\u00eda oral<\/strong><\/a><\/li>\n<li class=\"bullet-arrow\" style=\"text-align: left;\"><a href=\"https:\/\/www.drstingley.com\/es\/opciones-de-odontologia-con-sedacion\/\"><strong>Opciones de odontolog\u00eda con sedaci\u00f3n<\/strong><\/a><\/li>\n<\/ul>\n<h3 style=\"text-align: center;\"><span style=\"text-decoration: underline;\"><strong>Reconstrucci\u00f3n completa de la boca<\/strong><\/span><\/h3>\n<ul>\n<li class=\"bullet-arrow\" style=\"text-align: left;\"><a href=\"https:\/\/www.drstingley.com\/es\/que-es-la-reconstruccion-completa-de-la-boca\/\"><strong>\u00bfQu\u00e9 es la reconstrucci\u00f3n completa de la boca?<\/strong><\/a><\/li>\n<li class=\"bullet-arrow\" style=\"text-align: left;\"><a href=\"https:\/\/www.drstingley.com\/es\/en-que-consiste-la-reconstruccion-completa-de-la-boca\/\"><strong>\u00bfEn qu\u00e9 consiste la reconstrucci\u00f3n completa de la boca?<\/strong><\/a><\/li>\n<\/ul>\n\t\t\n<style>\n#text-760556758 {\n  font-size: 1.2rem;\n}\n<\/style>\n\t<\/div>\n\t\n\t\t<\/div>\n\t\t\t\t\t<\/div>\n\n\t\n\n\t<div id=\"col-849394721\" class=\"col medium-4 small-12 large-4\"  >\n\t\t\t\t<div class=\"col-inner\"  >\n\t\t\t\n\t\t\t\n\t<div id=\"text-2866921648\" class=\"text\">\n\t\t\n<h3 style=\"text-align: center;\"><span style=\"text-decoration: underline;\"><strong>Implantes dentales<\/strong><\/span><\/h3>\n<ul>\n<li class=\"bullet-arrow\" style=\"text-align: left;\"><a href=\"https:\/\/www.drstingley.com\/es\/que-es-un-implante-dental\/\"><strong>\u00bfQu\u00e9 es un implante dental?<\/strong><\/a><\/li>\n<li class=\"bullet-arrow\" style=\"text-align: left;\"><a href=\"https:\/\/www.drstingley.com\/es\/que-es-un-mini-implante-dental\/\"><strong>\u00bfQu\u00e9 es un mini implante dental?<\/strong><\/a><\/li>\n<li class=\"bullet-arrow\" style=\"text-align: left;\"><a href=\"https:\/\/www.drstingley.com\/es\/cuales-son-las-ventajas-de-los-implantes-de-una-sola-pieza\/\"><strong>\u00bfCu\u00e1les son las ventajas de los implantes de una sola pieza?<\/strong><\/a><\/li>\n<li class=\"bullet-arrow\" style=\"text-align: left;\"><a href=\"https:\/\/www.drstingley.com\/es\/que-pasa-si-no-tengo-suficiente-hueso-para-un-implante-dental\/\"><strong>\u00bfQu\u00e9 pasa si no tengo suficiente hueso para un implante dental?<\/strong><\/a><\/li>\n<li class=\"bullet-arrow\"><a href=\"https:\/\/www.drstingley.com\/es\/se-requiere-un-injerto-oseo-para-los-mini-implantes-dentales\/\"><strong>\u00bfSe requiere un injerto \u00f3seo para los mini implantes dentales?<\/strong><\/a><\/li>\n<li class=\"bullet-arrow\" style=\"text-align: left;\"><a href=\"https:\/\/www.drstingley.com\/es\/quien-es-candidato-para-los-mini-implantes-dentales\/\"><strong>\u00bfQui\u00e9n es candidato para los mini implantes dentales?<\/strong><\/a><\/li>\n<li class=\"bullet-arrow\" style=\"text-align: left;\"><a href=\"https:\/\/www.drstingley.com\/es\/cuanto-tiempo-se-tarda-en-colocar-un-mini-implante-dental\/\"><strong>\u00bfCu\u00e1nto tiempo se tarda en obtener un mini implante dental?<\/strong><\/a><\/li>\n<li class=\"bullet-arrow\" style=\"text-align: left;\"><a href=\"https:\/\/www.drstingley.com\/es\/el-proceso-de-los-mini-implantes-dentales\/\"><strong>El proceso de los mini implantes dentales<\/strong><\/a><\/li>\n<li class=\"bullet-arrow\"><a href=\"https:\/\/www.drstingley.com\/es\/puedo-ponerme-un-implante-dental-al-mismo-tiempo-que-me-extraen-un-diente\/\"><strong>\u00bfPuedo ponerme un implante dental al mismo tiempo que me extraen un diente?<\/strong><\/a><\/li>\n<li class=\"bullet-arrow\" style=\"text-align: left;\"><a href=\"https:\/\/www.drstingley.com\/es\/opciones-para-reemplazar-un-diente-perdido\/\"><strong>Opciones para reemplazar un diente perdido<\/strong><\/a><\/li>\n<li class=\"bullet-arrow\" style=\"text-align: left;\"><a href=\"https:\/\/www.drstingley.com\/es\/opciones-para-reemplazar-varios-dientes\/\"><strong>Opciones para reemplazar varios dientes<\/strong><\/a><\/li>\n<li class=\"bullet-arrow\" style=\"text-align: left;\"><a href=\"https:\/\/www.drstingley.com\/es\/pueden-los-mini-implantes-dentales-reemplazar-todos-mis-dientes\/\"><strong>\u00bfPueden los mini implantes dentales reemplazar todos mis dientes?<\/strong><\/a><\/li>\n<li class=\"bullet-arrow\" style=\"text-align: left;\"><a href=\"https:\/\/www.drstingley.com\/es\/es-doloroso-colocarse-un-mini-implante-dental\/\"><strong>\u00bfEs doloroso colocarse un mini implante dental?<\/strong><\/a><\/li>\n<li class=\"bullet-arrow\" style=\"text-align: left;\"><a href=\"https:\/\/www.drstingley.com\/es\/recuperacion-despues-de-un-tratamiento-de-implantes-dentales\/\"><strong>Recuperaci\u00f3n despu\u00e9s del tratamiento con implantes dentales<\/strong><\/a><\/li>\n<li class=\"bullet-arrow\" style=\"text-align: left;\"><a href=\"https:\/\/www.drstingley.com\/es\/que-puedo-comer-despues-de-una-cirugia-de-implantes\/\"><strong>\u00bfQu\u00e9 puedo comer despu\u00e9s de una cirug\u00eda de implantes?<\/strong><\/a><\/li>\n<li class=\"bullet-arrow\" style=\"text-align: left;\"><a href=\"https:\/\/www.drstingley.com\/es\/ofrecen-consultas-gratuitas-sobre-implantes\/\"><strong>\u00bfOfrecen consultas gratuitas sobre implantes?<\/strong><\/a><\/li>\n<li class=\"bullet-arrow\" style=\"text-align: left;\"><a href=\"https:\/\/www.drstingley.com\/es\/cuanto-cuestan-los-implantes-dentales\/\"><strong>\u00bfCu\u00e1nto cuestan los implantes dentales?<\/strong><\/a><\/li>\n<li class=\"bullet-arrow\" style=\"text-align: left;\"><a href=\"https:\/\/www.drstingley.com\/es\/el-seguro-cubre-los-implantes-dentales\/\"><strong>\u00bfEl seguro cubre los implantes dentales?<\/strong><\/a><\/li>\n<li class=\"bullet-arrow\" style=\"text-align: left;\"><a href=\"https:\/\/www.drstingley.com\/es\/ofrecen-planes-de-pago-para-implantes-dentales\/\"><strong>\u00bfOfrecen planes de pago para implantes dentales?<\/strong><\/a><\/li>\n<\/ul>\n\t\t\n<style>\n#text-2866921648 {\n  font-size: 1.2rem;\n}\n<\/style>\n\t<\/div>\n\t\n\t\t<\/div>\n\t\t\t\t\t<\/div>\n\n\t\n\n\t<div id=\"col-1955496103\" class=\"col medium-4 small-12 large-4\"  >\n\t\t\t\t<div class=\"col-inner\"  >\n\t\t\t\n\t\t\t\n\t<div id=\"text-965055307\" class=\"text\">\n\t\t\n<h3 style=\"text-align: center;\"><span style=\"text-decoration: underline;\"><strong>Dentaduras postizas<\/strong><\/span><\/h3>\n<ul>\n<li class=\"bullet-arrow\" style=\"text-align: left;\"><a href=\"https:\/\/www.drstingley.com\/es\/opciones-de-dentaduras-postizas-que-ofrecemos\/\"><strong>Opciones de dentaduras postizas que ofrecemos<\/strong><\/a><\/li>\n<li class=\"bullet-arrow\" style=\"text-align: left;\"><a href=\"https:\/\/www.drstingley.com\/es\/que-pasa-si-mi-dentadura-postiza-esta-floja\/\"><strong>\u00bfQu\u00e9 pasa si mi dentadura postiza est\u00e1 floja?<\/strong><\/a><\/li>\n<li class=\"bullet-arrow\" style=\"text-align: left;\"><a href=\"https:\/\/www.drstingley.com\/es\/que-es-una-protesis-dental-sobre-implantes\/\"><strong>\u00bfQu\u00e9 es una pr\u00f3tesis dental sobre implantes?<\/strong><\/a><\/li>\n<li class=\"bullet-arrow\"><a href=\"https:\/\/www.drstingley.com\/es\/cuales-son-las-ventajas-de-las-protesis-dentales-sobre-implantes\/\"><strong>\u00bfCu\u00e1les son las ventajas de las pr\u00f3tesis dentales sobre implantes?<\/strong><\/a><\/li>\n<li class=\"bullet-arrow\" style=\"text-align: left;\"><a href=\"https:\/\/www.drstingley.com\/es\/se-puede-convertir-mi-dentadura-postiza-en-una-dentadura-postiza-con-implantes\/\"><strong>\u00bfSe puede convertir mi dentadura postiza en una dentadura postiza con implantes?<\/strong><\/a><\/li>\n<li class=\"bullet-arrow\" style=\"text-align: left;\"><a href=\"https:\/\/www.drstingley.com\/es\/cuantos-implantes-necesito-para-estabilizar-mi-dentadura-postiza\/\"><strong>\u00bfCu\u00e1ntos implantes necesito para estabilizar mi dentadura postiza?<\/strong><\/a><\/li>\n<li class=\"bullet-arrow\" style=\"text-align: left;\"><a href=\"https:\/\/www.drstingley.com\/es\/que-es-una-dentadura-postiza-a-presion\/\"><strong>\u00bfQu\u00e9 es una dentadura postiza a presi\u00f3n?<\/strong><\/a><\/li>\n<li class=\"bullet-arrow\" style=\"text-align: left;\"><a href=\"https:\/\/www.drstingley.com\/es\/que-es-un-puente-giratorio\/\"><strong>\u00bfQu\u00e9 es un puente giratorio?<\/strong><\/a><\/li>\n<li class=\"bullet-arrow\" style=\"text-align: left;\"><a href=\"https:\/\/www.drstingley.com\/es\/como-debo-cuidar-mi-protesis-dental-implantada\/\"><strong>\u00bfC\u00f3mo cuido mi pr\u00f3tesis dental implantada?<\/strong><\/a><\/li>\n<li class=\"bullet-arrow\" style=\"text-align: left;\"><a href=\"https:\/\/www.drstingley.com\/es\/cuanto-cuestan-las-dentaduras-postizas-con-implantes\/\"><strong>\u00bfCu\u00e1nto cuestan las dentaduras postizas con implantes?<\/strong><\/a><\/li>\n<li class=\"bullet-arrow\" style=\"text-align: left;\"><a href=\"https:\/\/www.drstingley.com\/es\/el-seguro-cubre-las-dentaduras-postizas-implantadas\/\"><strong>\u00bfEl seguro cubre las dentaduras postizas con implantes?<\/strong><\/a><\/li>\n<li class=\"bullet-arrow\" style=\"text-align: left;\"><a href=\"https:\/\/www.drstingley.com\/es\/ofrecen-financiamiento-para-implantes-dentales\/\"><strong>\u00bfOfrecen financiamiento para implantes dentales?<\/strong><\/a><\/li>\n<\/ul>\n<h3 style=\"text-align: center;\"><span style=\"text-decoration: underline;\"><strong>Odontolog\u00eda est\u00e9tica<\/strong><\/span><\/h3>\n<ul>\n<li class=\"bullet-arrow\" style=\"text-align: left;\"><a href=\"https:\/\/www.drstingley.com\/es\/que-es-la-odontologia-estetica\/\"><strong>\u00bfQu\u00e9 es la odontolog\u00eda est\u00e9tica?<\/strong><\/a><\/li>\n<li class=\"bullet-arrow\" style=\"text-align: left;\"><a href=\"https:\/\/www.drstingley.com\/es\/que-son-las-carillas-de-porcelana\/\"><strong>\u00bfQu\u00e9 son las carillas de porcelana?<\/strong><\/a><\/li>\n<li class=\"bullet-arrow\" style=\"text-align: left;\"><a href=\"https:\/\/www.drstingley.com\/es\/la-odontologia-estetica-esta-cubierta-por-el-seguro\/\"><strong>\u00bfLa odontolog\u00eda est\u00e9tica est\u00e1 cubierta por el seguro?<\/strong><\/a><\/li>\n<\/ul>\n\t\t\n<style>\n#text-965055307 {\n  font-size: 1.2rem;\n}\n<\/style>\n\t<\/div>\n\t\n\t\t<\/div>\n\t\t\t\t\t<\/div>\n\n\t\n<\/div>","protected":false},"excerpt":{"rendered":"","protected":false},"author":4,"featured_media":404,"parent":0,"menu_order":0,"comment_status":"closed","ping_status":"closed","template":"","meta":{"rop_custom_images_group":[],"rop_custom_messages_group":[],"rop_publish_now":"initial","rop_publish_now_accounts":{"gmb_109265489736877664202_accounts\/109265489736877664202\/locations\/10187457492429655354":"","gmb_109265489736877664202_accounts\/109265489736877664202\/locations\/11718265270749307433":""},"rop_publish_now_history":[],"rop_publish_now_status":"pending","footnotes":""},"class_list":["post-17","page","type-page","status-publish","has-post-thumbnail","hentry"],"yoast_head":"<!-- This site is optimized with the Yoast SEO plugin v27.4 - https:\/\/yoast.com\/product\/yoast-seo-wordpress\/ -->\n<title>Video FAQs | Patient Education Videos by Dr. Gloria Stingley<\/title>\n<meta name=\"description\" content=\"Watch our video FAQs by Dr. Gloria Stingley to get answers to your frequently asked dental questions about the treatments we provide.\" \/>\n<meta name=\"robots\" content=\"index, follow, max-snippet:-1, max-image-preview:large, max-video-preview:-1\" \/>\n<link rel=\"canonical\" href=\"https:\/\/www.drstingley.com\/es\/videos\/\" \/>\n<meta property=\"og:locale\" content=\"es_MX\" \/>\n<meta property=\"og:type\" content=\"article\" \/>\n<meta property=\"og:title\" content=\"Video FAQs | Patient Education Videos by Dr. Gloria Stingley\" \/>\n<meta property=\"og:description\" content=\"Watch our video FAQs by Dr. Gloria Stingley to get answers to your frequently asked dental questions about the treatments we provide.\" \/>\n<meta property=\"og:url\" content=\"https:\/\/www.drstingley.com\/es\/videos\/\" \/>\n<meta property=\"og:site_name\" content=\"Carter-Rockbridge General Dentistry P.C.\" \/>\n<meta property=\"article:publisher\" content=\"https:\/\/www.facebook.com\/crgdentistry\/\" \/>\n<meta property=\"article:modified_time\" content=\"2026-03-14T03:39:44+00:00\" \/>\n<meta property=\"og:image\" content=\"https:\/\/www.drstingley.com\/wp-content\/uploads\/2023\/12\/Videos.jpg\" \/>\n\t<meta property=\"og:image:width\" content=\"500\" \/>\n\t<meta property=\"og:image:height\" content=\"307\" \/>\n\t<meta property=\"og:image:type\" content=\"image\/jpeg\" \/>\n<meta name=\"twitter:card\" content=\"summary_large_image\" \/>\n<meta name=\"twitter:site\" content=\"@crgdentistry\" \/>\n<meta name=\"twitter:label1\" content=\"Est. reading time\" \/>\n\t<meta name=\"twitter:data1\" content=\"3 minutos\" \/>\n<script type=\"application\/ld+json\" class=\"yoast-schema-graph\">{\"@context\":\"https:\\\/\\\/schema.org\",\"@graph\":[{\"@type\":[\"WebPage\",\"MedicalWebPage\"],\"@id\":\"https:\\\/\\\/www.drstingley.com\\\/videos\\\/\",\"url\":\"https:\\\/\\\/www.drstingley.com\\\/videos\\\/\",\"name\":\"Video FAQs | Patient Education Videos by Dr. Gloria Stingley\",\"isPartOf\":{\"@id\":\"https:\\\/\\\/www.drstingley.com\\\/#website\"},\"primaryImageOfPage\":{\"@id\":\"https:\\\/\\\/www.drstingley.com\\\/videos\\\/#primaryimage\"},\"image\":{\"@id\":\"https:\\\/\\\/www.drstingley.com\\\/videos\\\/#primaryimage\"},\"thumbnailUrl\":\"https:\\\/\\\/www.drstingley.com\\\/wp-content\\\/uploads\\\/2023\\\/12\\\/Videos.jpg\",\"datePublished\":\"2026-01-11T07:18:16+00:00\",\"dateModified\":\"2026-03-14T03:39:44+00:00\",\"description\":\"Watch our video FAQs by Dr. Gloria Stingley to get answers to your frequently asked dental questions about the treatments we provide.\",\"breadcrumb\":{\"@id\":\"https:\\\/\\\/www.drstingley.com\\\/videos\\\/#breadcrumb\"},\"inLanguage\":\"es\",\"potentialAction\":[{\"@type\":\"ReadAction\",\"target\":[\"https:\\\/\\\/www.drstingley.com\\\/videos\\\/\"]}]},{\"@type\":\"ImageObject\",\"inLanguage\":\"es\",\"@id\":\"https:\\\/\\\/www.drstingley.com\\\/videos\\\/#primaryimage\",\"url\":\"https:\\\/\\\/www.drstingley.com\\\/wp-content\\\/uploads\\\/2023\\\/12\\\/Videos.jpg\",\"contentUrl\":\"https:\\\/\\\/www.drstingley.com\\\/wp-content\\\/uploads\\\/2023\\\/12\\\/Videos.jpg\",\"width\":500,\"height\":307},{\"@type\":\"BreadcrumbList\",\"@id\":\"https:\\\/\\\/www.drstingley.com\\\/videos\\\/#breadcrumb\",\"itemListElement\":[{\"@type\":\"ListItem\",\"position\":1,\"name\":\"Home\",\"item\":\"https:\\\/\\\/www.drstingley.com\\\/\"},{\"@type\":\"ListItem\",\"position\":2,\"name\":\"Videos\"}]},{\"@type\":\"WebSite\",\"@id\":\"https:\\\/\\\/www.drstingley.com\\\/#website\",\"url\":\"https:\\\/\\\/www.drstingley.com\\\/\",\"name\":\"Carter-Rockbridge General Dentistry P.C.\",\"description\":\"Genreral, Cosmetic &amp; Implant Dentist in Norcross, GA\",\"publisher\":{\"@id\":\"https:\\\/\\\/www.drstingley.com\\\/#organization\"},\"potentialAction\":[{\"@type\":\"SearchAction\",\"target\":{\"@type\":\"EntryPoint\",\"urlTemplate\":\"https:\\\/\\\/www.drstingley.com\\\/?s={search_term_string}\"},\"query-input\":{\"@type\":\"PropertyValueSpecification\",\"valueRequired\":true,\"valueName\":\"search_term_string\"}}],\"inLanguage\":\"es\"},{\"@type\":\"Organization\",\"@id\":\"https:\\\/\\\/www.drstingley.com\\\/#organization\",\"name\":\"Carter-Rockbridge General Dentistry P.C.\",\"url\":\"https:\\\/\\\/www.drstingley.com\\\/\",\"logo\":{\"@type\":\"ImageObject\",\"inLanguage\":\"es\",\"@id\":\"https:\\\/\\\/www.drstingley.com\\\/#\\\/schema\\\/logo\\\/image\\\/\",\"url\":\"https:\\\/\\\/www.drstingley.com\\\/wp-content\\\/uploads\\\/2026\\\/02\\\/cropped-Carter-Rockbridge-General-Dentistry-in-Norcross-scaled-1.jpg\",\"contentUrl\":\"https:\\\/\\\/www.drstingley.com\\\/wp-content\\\/uploads\\\/2026\\\/02\\\/cropped-Carter-Rockbridge-General-Dentistry-in-Norcross-scaled-1.jpg\",\"width\":512,\"height\":512,\"caption\":\"Carter-Rockbridge General Dentistry P.C.\"},\"image\":{\"@id\":\"https:\\\/\\\/www.drstingley.com\\\/#\\\/schema\\\/logo\\\/image\\\/\"},\"sameAs\":[\"https:\\\/\\\/www.facebook.com\\\/crgdentistry\\\/\",\"https:\\\/\\\/x.com\\\/crgdentistry\",\"http:\\\/\\\/youtube.com\\\/channel\\\/UCfp5-Kg1TJrFK7N_wQ-gHcA\\\/\",\"https:\\\/\\\/www.instagram.com\\\/crgdentistry\\\/\"]}]}<\/script>\n<!-- \/ Yoast SEO plugin. -->","yoast_head_json":{"title":"Preguntas frecuentes en v\u00eddeo | V\u00eddeos educativos para pacientes de la Dra. Gloria Stingley","description":"Mira nuestros videos de preguntas frecuentes, presentados por la Dra. Gloria Stingley, para obtener respuestas a tus dudas m\u00e1s comunes sobre los tratamientos dentales que ofrecemos.","robots":{"index":"index","follow":"follow","max-snippet":"max-snippet:-1","max-image-preview":"max-image-preview:large","max-video-preview":"max-video-preview:-1"},"canonical":"https:\/\/www.drstingley.com\/es\/videos\/","og_locale":"es_MX","og_type":"article","og_title":"Video FAQs | Patient Education Videos by Dr. Gloria Stingley","og_description":"Watch our video FAQs by Dr. Gloria Stingley to get answers to your frequently asked dental questions about the treatments we provide.","og_url":"https:\/\/www.drstingley.com\/es\/videos\/","og_site_name":"Carter-Rockbridge General Dentistry P.C.","article_publisher":"https:\/\/www.facebook.com\/crgdentistry\/","article_modified_time":"2026-03-14T03:39:44+00:00","og_image":[{"width":500,"height":307,"url":"https:\/\/www.drstingley.com\/wp-content\/uploads\/2023\/12\/Videos.jpg","type":"image\/jpeg"}],"twitter_card":"summary_large_image","twitter_site":"@crgdentistry","twitter_misc":{"Est. reading time":"3 minutos"},"schema":{"@context":"https:\/\/schema.org","@graph":[{"@type":["WebPage","MedicalWebPage"],"@id":"https:\/\/www.drstingley.com\/videos\/","url":"https:\/\/www.drstingley.com\/videos\/","name":"Preguntas frecuentes en v\u00eddeo | V\u00eddeos educativos para pacientes de la Dra. Gloria Stingley","isPartOf":{"@id":"https:\/\/www.drstingley.com\/#website"},"primaryImageOfPage":{"@id":"https:\/\/www.drstingley.com\/videos\/#primaryimage"},"image":{"@id":"https:\/\/www.drstingley.com\/videos\/#primaryimage"},"thumbnailUrl":"https:\/\/www.drstingley.com\/wp-content\/uploads\/2023\/12\/Videos.jpg","datePublished":"2026-01-11T07:18:16+00:00","dateModified":"2026-03-14T03:39:44+00:00","description":"Mira nuestros videos de preguntas frecuentes, presentados por la Dra. Gloria Stingley, para obtener respuestas a tus dudas m\u00e1s comunes sobre los tratamientos dentales que ofrecemos.","breadcrumb":{"@id":"https:\/\/www.drstingley.com\/videos\/#breadcrumb"},"inLanguage":"es","potentialAction":[{"@type":"ReadAction","target":["https:\/\/www.drstingley.com\/videos\/"]}]},{"@type":"ImageObject","inLanguage":"es","@id":"https:\/\/www.drstingley.com\/videos\/#primaryimage","url":"https:\/\/www.drstingley.com\/wp-content\/uploads\/2023\/12\/Videos.jpg","contentUrl":"https:\/\/www.drstingley.com\/wp-content\/uploads\/2023\/12\/Videos.jpg","width":500,"height":307},{"@type":"BreadcrumbList","@id":"https:\/\/www.drstingley.com\/videos\/#breadcrumb","itemListElement":[{"@type":"ListItem","position":1,"name":"Home","item":"https:\/\/www.drstingley.com\/"},{"@type":"ListItem","position":2,"name":"Videos"}]},{"@type":"WebSite","@id":"https:\/\/www.drstingley.com\/#website","url":"https:\/\/www.drstingley.com\/","name":"Carter-Rockbridge Odontolog\u00eda General P.C.","description":"Dentista general, cosm\u00e9tico y especialista en implantes en Norcross, Georgia","publisher":{"@id":"https:\/\/www.drstingley.com\/#organization"},"potentialAction":[{"@type":"SearchAction","target":{"@type":"EntryPoint","urlTemplate":"https:\/\/www.drstingley.com\/?s={search_term_string}"},"query-input":{"@type":"PropertyValueSpecification","valueRequired":true,"valueName":"search_term_string"}}],"inLanguage":"es"},{"@type":"Organization","@id":"https:\/\/www.drstingley.com\/#organization","name":"Carter-Rockbridge Odontolog\u00eda General P.C.","url":"https:\/\/www.drstingley.com\/","logo":{"@type":"ImageObject","inLanguage":"es","@id":"https:\/\/www.drstingley.com\/#\/schema\/logo\/image\/","url":"https:\/\/www.drstingley.com\/wp-content\/uploads\/2026\/02\/cropped-Carter-Rockbridge-General-Dentistry-in-Norcross-scaled-1.jpg","contentUrl":"https:\/\/www.drstingley.com\/wp-content\/uploads\/2026\/02\/cropped-Carter-Rockbridge-General-Dentistry-in-Norcross-scaled-1.jpg","width":512,"height":512,"caption":"Carter-Rockbridge General Dentistry P.C."},"image":{"@id":"https:\/\/www.drstingley.com\/#\/schema\/logo\/image\/"},"sameAs":["https:\/\/www.facebook.com\/crgdentistry\/","https:\/\/x.com\/crgdentistry","http:\/\/youtube.com\/channel\/UCfp5-Kg1TJrFK7N_wQ-gHcA\/","https:\/\/www.instagram.com\/crgdentistry\/"]}]}},"_links":{"self":[{"href":"https:\/\/www.drstingley.com\/es\/wp-json\/wp\/v2\/pages\/17","targetHints":{"allow":["GET"]}}],"collection":[{"href":"https:\/\/www.drstingley.com\/es\/wp-json\/wp\/v2\/pages"}],"about":[{"href":"https:\/\/www.drstingley.com\/es\/wp-json\/wp\/v2\/types\/page"}],"author":[{"embeddable":true,"href":"https:\/\/www.drstingley.com\/es\/wp-json\/wp\/v2\/users\/4"}],"replies":[{"embeddable":true,"href":"https:\/\/www.drstingley.com\/es\/wp-json\/wp\/v2\/comments?post=17"}],"version-history":[{"count":0,"href":"https:\/\/www.drstingley.com\/es\/wp-json\/wp\/v2\/pages\/17\/revisions"}],"wp:featuredmedia":[{"embeddable":true,"href":"https:\/\/www.drstingley.com\/es\/wp-json\/wp\/v2\/media\/404"}],"wp:attachment":[{"href":"https:\/\/www.drstingley.com\/es\/wp-json\/wp\/v2\/media?parent=17"}],"curies":[{"name":"wp","href":"https:\/\/api.w.org\/{rel}","templated":true}]}}